{"id":598,"date":"2022-03-11T11:19:48","date_gmt":"2022-03-11T16:19:48","guid":{"rendered":"https:\/\/saddlebackpro.com\/?page_id=598"},"modified":"2026-02-03T11:14:58","modified_gmt":"2026-02-03T16:14:58","slug":"rv-communities-1","status":"publish","type":"page","link":"https:\/\/saddlebackpro.com\/es\/rv-communities-1\/","title":{"rendered":"Comunidades de veh\u00edculos recreativos"},"content":{"rendered":"<div class=\"wp-block-media-text alignfull is-stacked-on-mobile\" style=\"grid-template-columns:29% auto\"><figure class=\"wp-block-media-text__media\"><img loading=\"lazy\" decoding=\"async\" width=\"1024\" height=\"576\" src=\"https:\/\/saddlebackpro.com\/wp-content\/uploads\/2025\/11\/Garden-Grove-RV-1024x576.jpeg\" alt=\"\" class=\"wp-image-806 size-full\" srcset=\"https:\/\/saddlebackpro.com\/wp-content\/uploads\/2025\/11\/Garden-Grove-RV-1024x576.jpeg 1024w, https:\/\/saddlebackpro.com\/wp-content\/uploads\/2025\/11\/Garden-Grove-RV-300x169.jpeg 300w, https:\/\/saddlebackpro.com\/wp-content\/uploads\/2025\/11\/Garden-Grove-RV-768x432.jpeg 768w, https:\/\/saddlebackpro.com\/wp-content\/uploads\/2025\/11\/Garden-Grove-RV-1536x864.jpeg 1536w, https:\/\/saddlebackpro.com\/wp-content\/uploads\/2025\/11\/Garden-Grove-RV-18x10.jpeg 18w, https:\/\/saddlebackpro.com\/wp-content\/uploads\/2025\/11\/Garden-Grove-RV.jpeg 2047w\" sizes=\"auto, (max-width: 1024px) 100vw, 1024px\" \/><\/figure><div class=\"wp-block-media-text__content\">\n<h2 class=\"wp-block-heading has-text-align-center has-navy-color has-text-color\" style=\"font-size:55px;font-style:italic;font-weight:800\">Garden Grove RV Community<\/h2>\n\n\n\n<p class=\"has-text-align-center has-medium-font-size\">Garden Grove RV Resort in Sierra Vista, AZ offers modern full-hookup RV sites, new utilities, and inviting landscaped spaces. Enjoy a clean, friendly community with laundry, showers, and affordable comfort in a revitalized park setting.<\/p>\n\n\n\n<div class=\"wp-block-group\"><div class=\"wp-block-group__inner-container is-layout-constrained wp-block-group-is-layout-constrained\">\n<p class=\"has-text-align-center\"><strong>Large Lots &#8211; <em>30, 50 AMP Service &#8211; Full Hook Ups &#8211; Open Year Round &#8211; Concrete Pads at Each Lot &#8211; Pet Friendly &#8211; On Site Bathrooms with Showers and Laundry<\/em><\/strong><\/p>\n\n\n\n<p class=\"has-text-align-center\"><strong>Rate: $350 Monthly $99 Weekly $15 Nightly<\/strong><\/p>\n\n\n\n<p class=\"has-text-align-center\"><strong>405 S. Garden Ave. Sierra Vista, AZ 85635 Phone: (520)412-8200 Email: info@gardengroverv.com<\/strong><\/p>\n<\/div><\/div>\n\n\n\n<div class=\"wp-block-buttons is-layout-flex wp-block-buttons-is-layout-flex\">\n<div class=\"wp-block-button aligncenter is-style-fill\"><a class=\"wp-block-button__link has-navy-background-color has-background wp-element-button\" href=\"https:\/\/gardengroverv.com\/\" target=\"_blank\" rel=\"noreferrer noopener\">Click Here for Garden Grove RV Availability &amp; Bookings<\/a><\/div>\n<\/div>\n<\/div><\/div>\n\n\n\n<div class=\"wp-block-media-text alignfull is-stacked-on-mobile\" style=\"grid-template-columns:29% auto\"><figure class=\"wp-block-media-text__media\"><img loading=\"lazy\" decoding=\"async\" width=\"1024\" height=\"575\" src=\"https:\/\/saddlebackpro.com\/wp-content\/uploads\/2025\/10\/MV-RV-Cropped-Good-1024x575.jpg\" alt=\"\" class=\"wp-image-790 size-full\" srcset=\"https:\/\/saddlebackpro.com\/wp-content\/uploads\/2025\/10\/MV-RV-Cropped-Good-1024x575.jpg 1024w, https:\/\/saddlebackpro.com\/wp-content\/uploads\/2025\/10\/MV-RV-Cropped-Good-300x169.jpg 300w, https:\/\/saddlebackpro.com\/wp-content\/uploads\/2025\/10\/MV-RV-Cropped-Good-768x431.jpg 768w, https:\/\/saddlebackpro.com\/wp-content\/uploads\/2025\/10\/MV-RV-Cropped-Good-18x10.jpg 18w, https:\/\/saddlebackpro.com\/wp-content\/uploads\/2025\/10\/MV-RV-Cropped-Good.jpg 1440w\" sizes=\"auto, (max-width: 1024px) 100vw, 1024px\" \/><\/figure><div class=\"wp-block-media-text__content\">\n<h2 class=\"wp-block-heading has-text-align-center has-navy-color has-text-color\" style=\"font-size:55px;font-style:italic;font-weight:800\">Mountain Vista RV Community<\/h2>\n\n\n\n<p class=\"has-text-align-center has-medium-font-size\">Mountain Vista Mobile Home and RV Park in Sierra Vista, Arizona, offers a serene and picturesque retreat surrounded by the breathtaking landscapes of the Arizona mountains. This well-maintained park provides a range of accommodations, including mobile homes and spacious RV sites, ensuring comfort and convenience for all guests. The park&#8217;s prime location in Sierra Vista offers easy access to local attractions, outdoor activities, and the natural beauty of the surrounding area. Reserve your spot today and start your Arizona adventure.<\/p>\n\n\n\n<div class=\"wp-block-group\"><div class=\"wp-block-group__inner-container is-layout-constrained wp-block-group-is-layout-constrained\">\n<p class=\"has-text-align-center\"><strong><em>30, 50 AMP Service &#8211; Full Hook Ups &#8211; Open Year Round &#8211; Pet Friendly &#8211; Bathrooms and Laundry<\/em><\/strong><\/p>\n\n\n\n<p class=\"has-text-align-center\"><strong>Rate: $430 Monthly + $200 Electric Deposit<\/strong><\/p>\n\n\n\n<p class=\"has-text-align-center\"><strong>700 S. Carmichael Ave. Sierra Vista, AZ 85635 Phone: (520)452-0500 Email: mountainvista@saddlebackpro.com<\/strong><\/p>\n<\/div><\/div>\n\n\n\n<div class=\"wp-block-buttons is-layout-flex wp-block-buttons-is-layout-flex\">\n<div class=\"wp-block-button aligncenter is-style-fill\"><a class=\"wp-block-button__link has-navy-background-color has-background wp-element-button\" href=\"https:\/\/sbvc.booking.rentmanager.com\/#\/home?locationID=1&amp;propertyID=139\" target=\"_blank\" rel=\"noreferrer noopener\">Click Here for Mountain Vista RV Availability &amp; Bookings<\/a><\/div>\n<\/div>\n<\/div><\/div>\n\n\n\n<div class=\"wp-block-media-text alignfull is-stacked-on-mobile\" style=\"grid-template-columns:29% auto\"><figure class=\"wp-block-media-text__media\"><img loading=\"lazy\" decoding=\"async\" width=\"480\" height=\"640\" src=\"https:\/\/saddlebackpro.com\/wp-content\/uploads\/2025\/08\/FH23-rotated.jpg\" alt=\"\" class=\"wp-image-739 size-full\" srcset=\"https:\/\/saddlebackpro.com\/wp-content\/uploads\/2025\/08\/FH23-rotated.jpg 480w, https:\/\/saddlebackpro.com\/wp-content\/uploads\/2025\/08\/FH23-225x300.jpg 225w, https:\/\/saddlebackpro.com\/wp-content\/uploads\/2025\/08\/FH23-9x12.jpg 9w\" sizes=\"auto, (max-width: 480px) 100vw, 480px\" \/><\/figure><div class=\"wp-block-media-text__content\">\n<h2 class=\"wp-block-heading has-text-align-center has-navy-color has-text-color\" style=\"font-size:55px;font-style:italic;font-weight:800\">Comunidad de casas rodantes de Foothills<\/h2>\n\n\n\n<p class=\"has-text-align-center has-medium-font-size\"><em>Foothills RV Park est\u00e1 escondido dentro de la encantadora ciudad de Kemmerer, Wyoming, con un impresionante y pintoresco tel\u00f3n de fondo como ning\u00fan otro. Ya sea que est\u00e9 buscando un hogar permanente para su RV, o simplemente unas vacaciones llenas de vistas a la monta\u00f1a, excelente pesca y atracciones basadas en la naturaleza, no busque m\u00e1s all\u00e1 de Foothills RV Park.<\/em><\/p>\n\n\n\n<div class=\"wp-block-group\"><div class=\"wp-block-group__inner-container is-layout-constrained wp-block-group-is-layout-constrained\">\n<p class=\"has-text-align-center\"><strong><em>Large Lots &#8211; 20,30,50 AMP Service &#8211; Full Hook ups &#8211; Wifi Available &#8211; Open Year Round &#8211; Concrete Pads at Each Lot &#8211; Pet Friendly<\/em><\/strong> <\/p>\n\n\n\n<p class=\"has-text-align-center\"><strong>Rates: $650 Monthly $250 Weekly $40 Nightly<\/strong><\/p>\n<\/div><\/div>\n\n\n\n<p class=\"has-text-align-center\"><strong>310 US 189, Kemmerer,&nbsp;WY&nbsp;83101  Phone:&nbsp;(307) 877-6634  Email: foothills@saddlebackpro.com<\/strong><\/p>\n\n\n\n<div class=\"wp-block-buttons is-layout-flex wp-block-buttons-is-layout-flex\">\n<div class=\"wp-block-button aligncenter is-style-fill\"><a class=\"wp-block-button__link has-navy-background-color has-background wp-element-button\" href=\"https:\/\/www.campspot.com\/book\/foothillsmobilehomeandrvpark\" target=\"_blank\" rel=\"noreferrer noopener\">Click Here for Foothills RV Availability &amp; Bookings<\/a><\/div>\n<\/div>\n<\/div><\/div>\n\n\n\n<div class=\"wp-block-media-text alignfull is-stacked-on-mobile\" style=\"grid-template-columns:29% auto\"><figure class=\"wp-block-media-text__media\"><img loading=\"lazy\" decoding=\"async\" width=\"544\" height=\"640\" src=\"https:\/\/saddlebackpro.com\/wp-content\/uploads\/2025\/08\/HS-RV-Sign.jpeg\" alt=\"\" class=\"wp-image-719 size-full\" srcset=\"https:\/\/saddlebackpro.com\/wp-content\/uploads\/2025\/08\/HS-RV-Sign.jpeg 544w, https:\/\/saddlebackpro.com\/wp-content\/uploads\/2025\/08\/HS-RV-Sign-255x300.jpeg 255w, https:\/\/saddlebackpro.com\/wp-content\/uploads\/2025\/08\/HS-RV-Sign-10x12.jpeg 10w\" sizes=\"auto, (max-width: 544px) 100vw, 544px\" \/><\/figure><div class=\"wp-block-media-text__content\">\n<h2 class=\"wp-block-heading has-text-align-center has-navy-color has-text-color\" style=\"font-size:55px;font-style:italic;font-weight:800\">Homestead RV Community<\/h2>\n\n\n\n<p class=\"has-text-align-center has-medium-font-size\">Homestead RV Park is located in Lyman, a small town in Southwest Wyoming. If you&#8217;re looking for open skies, peaceful nights, and the brightest stars you&#8217;ve ever seen, then this is your place. Whether you need a place to stay for a day or a month, Homestead RV Park welcomes you. Book your spot today for a great home base location as you explore Wyoming!<\/p>\n\n\n\n<div class=\"wp-block-group\"><div class=\"wp-block-group__inner-container is-layout-constrained wp-block-group-is-layout-constrained\">\n<p class=\"has-text-align-center\"><strong><em>30,50 AMP Service &#8211; Full Hook ups &#8211; Wifi Available &#8211; Open Year Round &#8211; Pet Friendly<\/em><\/strong><\/p>\n\n\n\n<p class=\"has-text-align-center\"><strong>Rates: $650 Monthly $250 Weekly $40 Nightly<\/strong><br><strong>J-1 Village Dr., Lyman, WY 82937   Phone:&nbsp;(307) 543- 4200  Email: homestead@saddlebackpro.com<\/strong><\/p>\n<\/div><\/div>\n\n\n\n<div class=\"wp-block-buttons is-layout-flex wp-block-buttons-is-layout-flex\">\n<div class=\"wp-block-button aligncenter is-style-fill\"><a class=\"wp-block-button__link has-navy-background-color has-background wp-element-button\" href=\"https:\/\/www.campspot.com\/book\/homesteadrvpark\" target=\"_blank\" rel=\"noreferrer noopener\">Click Here for Homestead RV Availability &amp; Bookings<\/a><\/div>\n<\/div>\n<\/div><\/div>\n\n\n\n<div class=\"wp-block-media-text alignfull is-stacked-on-mobile\" style=\"grid-template-columns:29% auto\"><figure class=\"wp-block-media-text__media\"><img loading=\"lazy\" decoding=\"async\" width=\"550\" height=\"734\" src=\"https:\/\/saddlebackpro.com\/wp-content\/uploads\/2025\/08\/MB3.jpg\" alt=\"\" class=\"wp-image-742 size-full\" srcset=\"https:\/\/saddlebackpro.com\/wp-content\/uploads\/2025\/08\/MB3.jpg 550w, https:\/\/saddlebackpro.com\/wp-content\/uploads\/2025\/08\/MB3-225x300.jpg 225w, https:\/\/saddlebackpro.com\/wp-content\/uploads\/2025\/08\/MB3-9x12.jpg 9w\" sizes=\"auto, (max-width: 550px) 100vw, 550px\" \/><\/figure><div class=\"wp-block-media-text__content\">\n<h2 class=\"wp-block-heading has-text-align-center has-navy-color has-text-color\" style=\"font-size:55px;font-style:italic;font-weight:800\">Marbleton RV Community<\/h2>\n\n\n\n<p class=\"has-text-align-center has-medium-font-size\">Nestled in the picturesque town of Marbleton, Wyoming, Marbleton RV Park offers a serene getaway amidst the breathtaking natural beauty of the Rockies. Surrounded by towering mountains and lush greenery, this charming campground provides a perfect retreat for outdoor enthusiasts and nature lovers alike. With convenient access to nearby attractions such as fishing, hiking, and wildlife viewing, Marbleton RV Park promises an unforgettable experience for adventurers of all ages. Book your stay today and immerse yourself in the wonders of Wyoming&#8217;s wilderness!<\/p>\n\n\n\n<div class=\"wp-block-group\"><div class=\"wp-block-group__inner-container is-layout-constrained wp-block-group-is-layout-constrained\">\n<p class=\"has-text-align-center\"><strong><em>30,50 AMP Service &#8211; Full Hook ups &#8211; Wifi Available &#8211; Open Year Round &#8211; Pet Friendly<\/em><\/strong>&#8211; <strong><em>Patio de recreo<\/em><\/strong><\/p>\n\n\n\n<p class=\"has-text-align-center\"><strong>Rate: $600 Monthly <br>40 11th St., Marbleton, WY 83113   Phone:&nbsp;<strong>(307) 877-6634<\/strong>  Correo electr\u00f3nico: foothills@saddlebackpro.com<\/strong><\/p>\n<\/div><\/div>\n\n\n\n<div class=\"wp-block-buttons is-layout-flex wp-block-buttons-is-layout-flex\">\n<div class=\"wp-block-button aligncenter is-style-fill\"><a class=\"wp-block-button__link has-navy-background-color has-background wp-element-button\">Call for Availability &#8211; (307) 877-6634<\/a><\/div>\n<\/div>\n<\/div><\/div>\n\n\n\n<div style=\"height:100px\" aria-hidden=\"true\" class=\"wp-block-spacer\"><\/div>\n\n\n\n<div class=\"wp-block-media-text alignfull is-stacked-on-mobile\" style=\"grid-template-columns:29% auto\"><figure class=\"wp-block-media-text__media\"><img loading=\"lazy\" decoding=\"async\" width=\"816\" height=\"434\" src=\"https:\/\/saddlebackpro.com\/wp-content\/uploads\/2025\/10\/DR-RV-NEW.jpeg\" alt=\"\" class=\"wp-image-793 size-full\" srcset=\"https:\/\/saddlebackpro.com\/wp-content\/uploads\/2025\/10\/DR-RV-NEW.jpeg 816w, https:\/\/saddlebackpro.com\/wp-content\/uploads\/2025\/10\/DR-RV-NEW-300x160.jpeg 300w, https:\/\/saddlebackpro.com\/wp-content\/uploads\/2025\/10\/DR-RV-NEW-768x408.jpeg 768w, https:\/\/saddlebackpro.com\/wp-content\/uploads\/2025\/10\/DR-RV-NEW-18x10.jpeg 18w\" sizes=\"auto, (max-width: 816px) 100vw, 816px\" \/><\/figure><div class=\"wp-block-media-text__content\">\n<h2 class=\"wp-block-heading has-text-align-center has-navy-color has-text-color\" style=\"font-size:55px;font-style:italic;font-weight:800\">Deer Run RV Community<\/h2>\n\n\n\n<p class=\"has-text-align-center has-medium-font-size\">Deer Run RV Park is located in the quaint town of Roosevelt, Utah. Whether you&#8217;re looking to stay in the are for a weekend or a month, you&#8217;re welcome in the Deer Run community. Enjoy the open skies, the peaceful atmosphere, and all the opportunities for adventure around the area. Book your spot today for your next Utah getaway!<\/p>\n\n\n\n<div class=\"wp-block-group\"><div class=\"wp-block-group__inner-container is-layout-constrained wp-block-group-is-layout-constrained\">\n<p class=\"has-text-align-center\"><strong><em>30,50 AMP Service &#8211; Full Hook ups &#8211; Open Year Round &#8211; Pet Friendly<\/em><\/strong><\/p>\n\n\n\n<p class=\"has-text-align-center\"><strong>Rates: $650 Monthly $250 Weekly $40 Nightly<\/strong><\/p>\n\n\n\n<p class=\"has-text-align-center\"><strong>145 S 500 East, Roosevelt, UT 84066  Phone:&nbsp;<strong>(435) 220-<\/strong>7805  Email: deerrun@saddlebackpro.com<\/strong><\/p>\n<\/div><\/div>\n\n\n\n<div class=\"wp-block-buttons is-layout-flex wp-block-buttons-is-layout-flex\">\n<div class=\"wp-block-button aligncenter is-style-fill\"><a class=\"wp-block-button__link has-navy-background-color has-background wp-element-button\">Call for Availability &#8211; (435) 220-7805<\/a><\/div>\n<\/div>\n<\/div><\/div>\n\n\n\n<div style=\"height:100px\" aria-hidden=\"true\" class=\"wp-block-spacer\"><\/div>\n\n\n\n<p><\/p>","protected":false},"excerpt":{"rendered":"","protected":false},"author":1,"featured_media":0,"parent":0,"menu_order":0,"comment_status":"closed","ping_status":"closed","template":"","meta":{"_acf_changed":false,"footnotes":""},"class_list":["post-598","page","type-page","status-publish","hentry"],"acf":[],"yoast_head":"<!-- This site is optimized with the Yoast SEO plugin v26.9 - https:\/\/yoast.com\/product\/yoast-seo-wordpress\/ -->\n<title>RV Communities - Saddleback Valley Communities<\/title>\n<meta name=\"robots\" content=\"index, follow, max-snippet:-1, max-image-preview:large, max-video-preview:-1\" \/>\n<link rel=\"canonical\" href=\"https:\/\/saddlebackpro.com\/es\/rv-communities-1\/\" \/>\n<meta property=\"og:locale\" content=\"es_ES\" \/>\n<meta property=\"og:type\" content=\"article\" \/>\n<meta property=\"og:title\" content=\"RV Communities - Saddleback Valley Communities\" \/>\n<meta property=\"og:url\" content=\"https:\/\/saddlebackpro.com\/es\/rv-communities-1\/\" \/>\n<meta property=\"og:site_name\" content=\"Saddleback Valley Communities\" \/>\n<meta property=\"article:modified_time\" content=\"2026-02-03T16:14:58+00:00\" \/>\n<meta property=\"og:image\" content=\"https:\/\/saddlebackpro.com\/wp-content\/uploads\/2025\/11\/Garden-Grove-RV.jpeg\" \/>\n\t<meta property=\"og:image:width\" content=\"2047\" \/>\n\t<meta property=\"og:image:height\" content=\"1152\" \/>\n\t<meta property=\"og:image:type\" content=\"image\/jpeg\" \/>\n<meta name=\"twitter:card\" content=\"summary_large_image\" \/>\n<meta name=\"twitter:label1\" content=\"Tiempo de lectura\" \/>\n\t<meta name=\"twitter:data1\" content=\"5 minutos\" \/>\n<script type=\"application\/ld+json\" class=\"yoast-schema-graph\">{\"@context\":\"https:\/\/schema.org\",\"@graph\":[{\"@type\":\"WebPage\",\"@id\":\"https:\/\/saddlebackpro.com\/rv-communities-1\/\",\"url\":\"https:\/\/saddlebackpro.com\/rv-communities-1\/\",\"name\":\"RV Communities - Saddleback Valley Communities\",\"isPartOf\":{\"@id\":\"https:\/\/saddlebackpro.com\/#website\"},\"primaryImageOfPage\":{\"@id\":\"https:\/\/saddlebackpro.com\/rv-communities-1\/#primaryimage\"},\"image\":{\"@id\":\"https:\/\/saddlebackpro.com\/rv-communities-1\/#primaryimage\"},\"thumbnailUrl\":\"https:\/\/saddlebackpro.com\/wp-content\/uploads\/2025\/11\/Garden-Grove-RV-1024x576.jpeg\",\"datePublished\":\"2022-03-11T16:19:48+00:00\",\"dateModified\":\"2026-02-03T16:14:58+00:00\",\"breadcrumb\":{\"@id\":\"https:\/\/saddlebackpro.com\/rv-communities-1\/#breadcrumb\"},\"inLanguage\":\"es\",\"potentialAction\":[{\"@type\":\"ReadAction\",\"target\":[\"https:\/\/saddlebackpro.com\/rv-communities-1\/\"]}]},{\"@type\":\"ImageObject\",\"inLanguage\":\"es\",\"@id\":\"https:\/\/saddlebackpro.com\/rv-communities-1\/#primaryimage\",\"url\":\"https:\/\/saddlebackpro.com\/wp-content\/uploads\/2025\/11\/Garden-Grove-RV-1024x576.jpeg\",\"contentUrl\":\"https:\/\/saddlebackpro.com\/wp-content\/uploads\/2025\/11\/Garden-Grove-RV-1024x576.jpeg\"},{\"@type\":\"BreadcrumbList\",\"@id\":\"https:\/\/saddlebackpro.com\/rv-communities-1\/#breadcrumb\",\"itemListElement\":[{\"@type\":\"ListItem\",\"position\":1,\"name\":\"Home\",\"item\":\"https:\/\/saddlebackpro.com\/\"},{\"@type\":\"ListItem\",\"position\":2,\"name\":\"RV Communities\"}]},{\"@type\":\"WebSite\",\"@id\":\"https:\/\/saddlebackpro.com\/#website\",\"url\":\"https:\/\/saddlebackpro.com\/\",\"name\":\"Saddleback Valley Communities\",\"description\":\"\",\"potentialAction\":[{\"@type\":\"SearchAction\",\"target\":{\"@type\":\"EntryPoint\",\"urlTemplate\":\"https:\/\/saddlebackpro.com\/?s={search_term_string}\"},\"query-input\":{\"@type\":\"PropertyValueSpecification\",\"valueRequired\":true,\"valueName\":\"search_term_string\"}}],\"inLanguage\":\"es\"}]}<\/script>\n<!-- \/ Yoast SEO plugin. -->","yoast_head_json":{"title":"RV Communities - Saddleback Valley Communities","robots":{"index":"index","follow":"follow","max-snippet":"max-snippet:-1","max-image-preview":"max-image-preview:large","max-video-preview":"max-video-preview:-1"},"canonical":"https:\/\/saddlebackpro.com\/es\/rv-communities-1\/","og_locale":"es_ES","og_type":"article","og_title":"RV Communities - Saddleback Valley Communities","og_url":"https:\/\/saddlebackpro.com\/es\/rv-communities-1\/","og_site_name":"Saddleback Valley Communities","article_modified_time":"2026-02-03T16:14:58+00:00","og_image":[{"width":2047,"height":1152,"url":"https:\/\/saddlebackpro.com\/wp-content\/uploads\/2025\/11\/Garden-Grove-RV.jpeg","type":"image\/jpeg"}],"twitter_card":"summary_large_image","twitter_misc":{"Tiempo de lectura":"5 minutos"},"schema":{"@context":"https:\/\/schema.org","@graph":[{"@type":"WebPage","@id":"https:\/\/saddlebackpro.com\/rv-communities-1\/","url":"https:\/\/saddlebackpro.com\/rv-communities-1\/","name":"RV Communities - Saddleback Valley Communities","isPartOf":{"@id":"https:\/\/saddlebackpro.com\/#website"},"primaryImageOfPage":{"@id":"https:\/\/saddlebackpro.com\/rv-communities-1\/#primaryimage"},"image":{"@id":"https:\/\/saddlebackpro.com\/rv-communities-1\/#primaryimage"},"thumbnailUrl":"https:\/\/saddlebackpro.com\/wp-content\/uploads\/2025\/11\/Garden-Grove-RV-1024x576.jpeg","datePublished":"2022-03-11T16:19:48+00:00","dateModified":"2026-02-03T16:14:58+00:00","breadcrumb":{"@id":"https:\/\/saddlebackpro.com\/rv-communities-1\/#breadcrumb"},"inLanguage":"es","potentialAction":[{"@type":"ReadAction","target":["https:\/\/saddlebackpro.com\/rv-communities-1\/"]}]},{"@type":"ImageObject","inLanguage":"es","@id":"https:\/\/saddlebackpro.com\/rv-communities-1\/#primaryimage","url":"https:\/\/saddlebackpro.com\/wp-content\/uploads\/2025\/11\/Garden-Grove-RV-1024x576.jpeg","contentUrl":"https:\/\/saddlebackpro.com\/wp-content\/uploads\/2025\/11\/Garden-Grove-RV-1024x576.jpeg"},{"@type":"BreadcrumbList","@id":"https:\/\/saddlebackpro.com\/rv-communities-1\/#breadcrumb","itemListElement":[{"@type":"ListItem","position":1,"name":"Home","item":"https:\/\/saddlebackpro.com\/"},{"@type":"ListItem","position":2,"name":"RV Communities"}]},{"@type":"WebSite","@id":"https:\/\/saddlebackpro.com\/#website","url":"https:\/\/saddlebackpro.com\/","name":"Comunidades de Saddleback Valley","description":"","potentialAction":[{"@type":"SearchAction","target":{"@type":"EntryPoint","urlTemplate":"https:\/\/saddlebackpro.com\/?s={search_term_string}"},"query-input":{"@type":"PropertyValueSpecification","valueRequired":true,"valueName":"search_term_string"}}],"inLanguage":"es"}]}},"_links":{"self":[{"href":"https:\/\/saddlebackpro.com\/es\/wp-json\/wp\/v2\/pages\/598","targetHints":{"allow":["GET"]}}],"collection":[{"href":"https:\/\/saddlebackpro.com\/es\/wp-json\/wp\/v2\/pages"}],"about":[{"href":"https:\/\/saddlebackpro.com\/es\/wp-json\/wp\/v2\/types\/page"}],"author":[{"embeddable":true,"href":"https:\/\/saddlebackpro.com\/es\/wp-json\/wp\/v2\/users\/1"}],"replies":[{"embeddable":true,"href":"https:\/\/saddlebackpro.com\/es\/wp-json\/wp\/v2\/comments?post=598"}],"version-history":[{"count":66,"href":"https:\/\/saddlebackpro.com\/es\/wp-json\/wp\/v2\/pages\/598\/revisions"}],"predecessor-version":[{"id":823,"href":"https:\/\/saddlebackpro.com\/es\/wp-json\/wp\/v2\/pages\/598\/revisions\/823"}],"wp:attachment":[{"href":"https:\/\/saddlebackpro.com\/es\/wp-json\/wp\/v2\/media?parent=598"}],"curies":[{"name":"wp","href":"https:\/\/api.w.org\/{rel}","templated":true}]}}